{"id":741,"date":"2025-03-09T12:30:29","date_gmt":"2025-03-09T11:30:29","guid":{"rendered":"https:\/\/www.rybarihrebec.cz\/?page_id=741"},"modified":"2025-04-14T18:59:21","modified_gmt":"2025-04-14T16:59:21","slug":"kontakty","status":"publish","type":"page","link":"https:\/\/www.rybarihrebec.cz\/?page_id=741","title":{"rendered":"Kontakty"},"content":{"rendered":"\n<p>Pisk\u00e1\u010dek Petr tel.: <strong><em>724 179 680<\/em><\/strong><\/p>\n\n\n\n<p>Lepi\u010d Zd\u011bnek tel.: <strong><em>773 885 552<\/em><\/strong> e-mail: <strong><em>zdenek.lepic@seznam.cz<\/em><\/strong><\/p>\n\n\n\n<p>e-mail MO H\u0159ebe\u010d: <strong><em>rybarihrebec@seznam.cz<\/em><\/strong><\/p>\n","protected":false},"excerpt":{"rendered":"<p>Pisk\u00e1\u010dek Petr tel.: 724 179 680 Lepi\u010d Zd\u011bnek tel.: 773 885 552 e-mail: zdenek.lepic@seznam.cz e-mail MO H\u0159ebe\u010d: rybarihrebec@seznam.cz<\/p>\n","protected":false},"author":6,"featured_media":0,"parent":0,"menu_order":0,"comment_status":"closed","ping_status":"closed","template":"","meta":{"ngg_post_thumbnail":0,"_s2mail":"yes","footnotes":""},"_links":{"self":[{"href":"https:\/\/www.rybarihrebec.cz\/index.php?rest_route=\/wp\/v2\/pages\/741"}],"collection":[{"href":"https:\/\/www.rybarihrebec.cz\/index.php?rest_route=\/wp\/v2\/pages"}],"about":[{"href":"https:\/\/www.rybarihrebec.cz\/index.php?rest_route=\/wp\/v2\/types\/page"}],"author":[{"embeddable":true,"href":"https:\/\/www.rybarihrebec.cz\/index.php?rest_route=\/wp\/v2\/users\/6"}],"replies":[{"embeddable":true,"href":"https:\/\/www.rybarihrebec.cz\/index.php?rest_route=%2Fwp%2Fv2%2Fcomments&post=741"}],"version-history":[{"count":5,"href":"https:\/\/www.rybarihrebec.cz\/index.php?rest_route=\/wp\/v2\/pages\/741\/revisions"}],"predecessor-version":[{"id":766,"href":"https:\/\/www.rybarihrebec.cz\/index.php?rest_route=\/wp\/v2\/pages\/741\/revisions\/766"}],"wp:attachment":[{"href":"https:\/\/www.rybarihrebec.cz\/index.php?rest_route=%2Fwp%2Fv2%2Fmedia&parent=741"}],"curies":[{"name":"wp","href":"https:\/\/api.w.org\/{rel}","templated":true}]}}